{"id":382,"date":"2017-11-17T12:57:59","date_gmt":"2017-11-17T12:57:59","guid":{"rendered":"http:\/\/metalcon.pl\/?page_id=382"},"modified":"2020-05-08T12:45:14","modified_gmt":"2020-05-08T12:45:14","slug":"technical-informations","status":"publish","type":"page","link":"https:\/\/metalcon.pl\/en\/technical-informations\/","title":{"rendered":"Alloy copper classification"},"content":{"rendered":"\n<table id=\"tablepress-23\" class=\"tablepress tablepress-id-23\">\n<tbody>\n<tr class=\"row-1 odd\">\n\t<td class=\"column-1\">Group<\/td><td class=\"column-2\">Designation<\/td><td class=\"column-3\">Assortment<\/td><td class=\"column-4\">Hardness <br \/>\nmin.<br \/>\n<strong>HB<\/strong><\/td><td class=\"column-5\">Electrical conductivity <br \/>\nmin.<br \/>\n<strong>MS\/m<\/strong><\/td><td class=\"column-6\">Electrical conductivity  <br \/>\nmin.<br \/>\n<strong>%IACS<\/strong> <\/td><td class=\"column-7\">Softening temperature<br \/>\n<strong>(\u00b0C)<\/strong><\/td>\n<\/tr>\n<tr class=\"row-2 even\">\n\t<td rowspan=\"3\" class=\"column-1\">A1<\/td><td rowspan=\"3\" class=\"column-2\">Cu-ETP<\/td><td class=\"column-3\">< \u00d825<\/td><td class=\"column-4\">86<\/td><td rowspan=\"3\" class=\"column-5\">56<\/td><td rowspan=\"3\" class=\"column-6\">96<\/td><td rowspan=\"3\" class=\"column-7\">150<\/td>\n<\/tr>\n<tr class=\"row-3 odd\">\n\t<td class=\"column-3\">> \u00d825<\/td><td class=\"column-4\">81<\/td>\n<\/tr>\n<tr class=\"row-4 even\">\n\t<td class=\"column-3\">Other forged products           <\/td><td class=\"column-4\">50<\/td>\n<\/tr>\n<\/tbody>\n<\/table>\n<!-- #tablepress-23 from cache -->\n<h2>Application:<\/h2>\n<ul>\n<li>Widely used for shunts and cables. High conductivity.<\/li>\n<\/ul>\n\n<table id=\"tablepress-14\" class=\"tablepress tablepress-id-14\">\n<tbody>\n<tr class=\"row-1 odd\">\n\t<td class=\"column-1\">Group<\/td><td class=\"column-2\">Designation<\/td><td class=\"column-3\">Assortment<\/td><td class=\"column-4\">Hardness <br \/>\nmin.<br \/>\n<strong>HB<\/strong><\/td><td class=\"column-5\">Electrical conductivity <br \/>\nmin.<br \/>\n<strong>MS\/m<\/strong><\/td><td class=\"column-6\">Electrical conductivity <br \/>\nmin.<br \/>\n<strong>%IACS<\/strong><\/td><td class=\"column-7\">Softening temperatura <br \/>\n<strong>(\u00b0C)<\/strong><\/td>\n<\/tr>\n<tr class=\"row-2 even\">\n\t<td rowspan=\"4\" class=\"column-1\">A2<\/td><td rowspan=\"4\" class=\"column-2\">CuCr1Zr<\/td><td class=\"column-3\">< \u00d825<\/td><td class=\"column-4\">160<\/td><td rowspan=\"4\" class=\"column-5\">43<\/td><td rowspan=\"4\" class=\"column-6\">75<\/td><td rowspan=\"4\" class=\"column-7\">480<\/td>\n<\/tr>\n<tr class=\"row-3 odd\">\n\t<td class=\"column-3\">\u00d825 \u00f7 \u00d850<\/td><td class=\"column-4\">140<\/td>\n<\/tr>\n<tr class=\"row-4 even\">\n\t<td class=\"column-3\">\u00d851 \u00f7 \u00d8200<\/td><td class=\"column-4\">120<\/td>\n<\/tr>\n<tr class=\"row-5 odd\">\n\t<td class=\"column-3\">Other products           (flat bars, seam welding wheels, and other )<\/td><td class=\"column-4\">120<\/td>\n<\/tr>\n<\/tbody>\n<\/table>\n<!-- #tablepress-14 from cache -->\n<h2>Application:<\/h2>\n<ul>\n<li>Stressed current-carrying parts including the electrodes, holders and arms.<\/li>\n<li>For spot, seam and projection welding. Welding of mild steel and coated steel.<\/li>\n<\/ul>\n<hr>\n\n<table id=\"tablepress-15\" class=\"tablepress tablepress-id-15\">\n<tbody>\n<tr class=\"row-1 odd\">\n\t<td class=\"column-1\">Group<\/td><td class=\"column-2\">Designation<\/td><td class=\"column-3\">Assortment<\/td><td class=\"column-4\">Hardness <br \/>\nmin.<br \/>\n<strong>HB<\/strong><\/td><td class=\"column-5\">Electrical conductivity <br \/>\nmin.<br \/>\n<strong>MS\/m<\/strong><\/td><td class=\"column-6\">Electrical conductivity  <br \/>\nmin.<br \/>\n<strong>%IACS<\/strong> <\/td><td class=\"column-7\">Softening temperature<br \/>\n<strong>(\u00b0C)<\/strong><\/td>\n<\/tr>\n<tr class=\"row-2 even\">\n\t<td rowspan=\"3\" class=\"column-1\">A3\/1<\/td><td rowspan=\"3\" class=\"column-2\">CuCo2Be<br \/>\nCuCoNiBe<\/td><td class=\"column-3\">< \u00d825<\/td><td class=\"column-4\">230<\/td><td rowspan=\"3\" class=\"column-5\">25<\/td><td rowspan=\"3\" class=\"column-6\">43<\/td><td rowspan=\"4\" class=\"column-7\">480<\/td>\n<\/tr>\n<tr class=\"row-3 odd\">\n\t<td class=\"column-3\">> \u00d825<\/td><td class=\"column-4\">220<\/td>\n<\/tr>\n<tr class=\"row-4 even\">\n\t<td class=\"column-3\">Other products           (flat bars, seam welding wheels, and other)<\/td><td class=\"column-4\">210<\/td>\n<\/tr>\n<tr class=\"row-5 odd\">\n\t<td class=\"column-1\">A3\/2<\/td><td class=\"column-2\">CuNi2Si<\/td><td class=\"column-3\">Bars, Flat bars and other<\/td><td class=\"column-4\">190<\/td><td class=\"column-5\">24<\/td><td class=\"column-6\">42<\/td>\n<\/tr>\n<\/tbody>\n<\/table>\n<!-- #tablepress-15 from cache -->\n<h2>Application:<\/h2>\n<ul>\n<li>Stressed current-carrying parts including the electrodes, holders and arms.<\/li>\n<li>For spot, seam and projection welding. Welding of stainless and heat-resistant steels<\/li>\n<\/ul>\n<hr>\n\n<table id=\"tablepress-16\" class=\"tablepress tablepress-id-16\">\n<tbody>\n<tr class=\"row-1 odd\">\n\t<td class=\"column-1\">Group<\/td><td class=\"column-2\">Designation<\/td><td class=\"column-3\">Assortment<\/td><td class=\"column-4\">Hardness <br \/>\nmin.<br \/>\n<strong>HB<\/strong><\/td><td class=\"column-5\">Electrical conductivity <br \/>\nmin.<br \/>\n<strong>MS\/m<\/strong><\/td><td class=\"column-6\">Electrical conductivity <br \/>\nmin.<br \/>\n<strong>%IACS<\/strong><\/td><td class=\"column-7\">Softening temperature<br \/>\n<strong> (\u00b0C)<\/strong><\/td>\n<\/tr>\n<tr class=\"row-2 even\">\n\t<td rowspan=\"3\" class=\"column-1\">B<\/td><td class=\"column-2\">W75Cu<br \/>\nCu25<\/td><td rowspan=\"3\" class=\"column-3\">Round bars<\/td><td class=\"column-4\">210<\/td><td rowspan=\"3\" class=\"column-5\">17<\/td><td rowspan=\"3\" class=\"column-6\">29<\/td><td rowspan=\"3\" class=\"column-7\">800<\/td>\n<\/tr>\n<tr class=\"row-3 odd\">\n\t<td class=\"column-2\">Mo<br \/>\nMo 99,5<\/td><td class=\"column-4\">150<\/td>\n<\/tr>\n<tr class=\"row-4 even\">\n\t<td class=\"column-2\">W<br \/>\nW99,5<\/td><td class=\"column-4\">400<\/td>\n<\/tr>\n<\/tbody>\n<\/table>\n<!-- #tablepress-16 from cache -->\n<h2>Application:<\/h2>\n<p>Inserts, tips for projection and butt welding. Welding of conductive materials (copper and brass).<\/p>\n","protected":false},"excerpt":{"rendered":"<p>Application: Widely used for shunts and cables. High conductivity. Application: Stressed current-carrying parts including the electrodes, holders and arms. For<\/p>\n","protected":false},"author":1,"featured_media":0,"parent":0,"menu_order":0,"comment_status":"closed","ping_status":"closed","template":"page-full.php","meta":[],"aioseo_notices":[],"_links":{"self":[{"href":"https:\/\/metalcon.pl\/en\/wp-json\/wp\/v2\/pages\/382"}],"collection":[{"href":"https:\/\/metalcon.pl\/en\/wp-json\/wp\/v2\/pages"}],"about":[{"href":"https:\/\/metalcon.pl\/en\/wp-json\/wp\/v2\/types\/page"}],"author":[{"embeddable":true,"href":"https:\/\/metalcon.pl\/en\/wp-json\/wp\/v2\/users\/1"}],"replies":[{"embeddable":true,"href":"https:\/\/metalcon.pl\/en\/wp-json\/wp\/v2\/comments?post=382"}],"version-history":[{"count":8,"href":"https:\/\/metalcon.pl\/en\/wp-json\/wp\/v2\/pages\/382\/revisions"}],"predecessor-version":[{"id":1161,"href":"https:\/\/metalcon.pl\/en\/wp-json\/wp\/v2\/pages\/382\/revisions\/1161"}],"wp:attachment":[{"href":"https:\/\/metalcon.pl\/en\/wp-json\/wp\/v2\/media?parent=382"}],"curies":[{"name":"wp","href":"https:\/\/api.w.org\/{rel}","templated":true}]}}