{"id":364,"date":"2017-11-17T09:59:11","date_gmt":"2017-11-17T09:59:11","guid":{"rendered":"http:\/\/metalcon.pl\/?page_id=364"},"modified":"2023-02-13T12:18:38","modified_gmt":"2023-02-13T12:18:38","slug":"contact","status":"publish","type":"page","link":"https:\/\/metalcon.pl\/en\/contact\/","title":{"rendered":"Contact"},"content":{"rendered":"<h2 style=\"text-align: center;\">METALCON PL sp. z o.o.<\/h2>\n<h4 style=\"text-align: center;\">Jana \u015aliwki 86, 44-100 Gliwice, Poland<\/h4>\n<p>TAX\/VAT Identification Number: PL 679-002-71-42<br \/>\nPolish Court Register: KRS 0001009671\u00a0 S\u0105d Rejonowy w Gliwicach X Wydzia\u0142 Gospodarczy, kapita\u0142 zak\u0142adowy: 10\u00a0000z\u0142<\/p>\n<p>Number of bank account: Bank BG\u017b BNP Paribas S.A.<br \/>\n65 1600 1172 0002 3303 1207 4001<\/p>\n<h2>Contact<\/h2>\n<p>phone\u00a0 +48 32 231-55-92<br \/>\nphone\u00a0 +48 32 270-56-73<br \/>\ne-mail:\u00a0<a target=\"_blank\" href=\"mailto:metalcon@metalcon.pl\">metalcon@metalcon.pl<\/a><\/p>\n<h2>Map<\/h2>\n<p>Head office is placed in the area of The Plastics Manufacturing Plant &#8220;IZO &#8211; ERG&#8221;<\/p>\n<h4 style=\"text-align: center;\"><strong>Entrance through the main gate from the &#8220;KASZTANOWA&#8221; street.<\/strong><\/h4>\n<p><img loading=\"lazy\" class=\"aligncenter size-full wp-image-723\" src=\"https:\/\/metalcon.pl\/wp-content\/uploads\/2018\/01\/mapa-wjazdu.png\" alt=\"\" width=\"830\" height=\"657\" srcset=\"https:\/\/metalcon.pl\/wp-content\/uploads\/2018\/01\/mapa-wjazdu.png 830w, https:\/\/metalcon.pl\/wp-content\/uploads\/2018\/01\/mapa-wjazdu-300x237.png 300w, https:\/\/metalcon.pl\/wp-content\/uploads\/2018\/01\/mapa-wjazdu-768x608.png 768w\" sizes=\"(max-width: 830px) 100vw, 830px\" \/><\/p>\n<p><!-- [wpgmza id=\"1\"] --><\/p>\n<div style=\"text-align: center;\"><iframe loading=\"lazy\" style=\"border: 0;\" tabindex=\"0\" src=\"https:\/\/www.google.com\/maps\/embed?pb=!1m18!1m12!1m3!1d2548.1742928841354!2d18.65477931579943!3d50.30733940554739!2m3!1f0!2f0!3f0!3m2!1i1024!2i768!4f13.1!3m3!1m2!1s0x4711305c8fec7987%3A0x9eab964cf03dc022!2sMetalcon%20sp.j.!5e0!3m2!1spl!2spl!4v1588761081588!5m2!1spl!2spl\" width=\"600\" height=\"450\" frameborder=\"0\" allowfullscreen=\"allowfullscreen\" aria-hidden=\"false\"><\/iframe><\/div>\n","protected":false},"excerpt":{"rendered":"<p>METALCON PL sp. z o.o. Jana \u015aliwki 86, 44-100 Gliwice, Poland TAX\/VAT Identification Number: PL 679-002-71-42 Polish Court Register: KRS<\/p>\n","protected":false},"author":1,"featured_media":0,"parent":0,"menu_order":0,"comment_status":"closed","ping_status":"closed","template":"page-full.php","meta":[],"aioseo_notices":[],"_links":{"self":[{"href":"https:\/\/metalcon.pl\/en\/wp-json\/wp\/v2\/pages\/364"}],"collection":[{"href":"https:\/\/metalcon.pl\/en\/wp-json\/wp\/v2\/pages"}],"about":[{"href":"https:\/\/metalcon.pl\/en\/wp-json\/wp\/v2\/types\/page"}],"author":[{"embeddable":true,"href":"https:\/\/metalcon.pl\/en\/wp-json\/wp\/v2\/users\/1"}],"replies":[{"embeddable":true,"href":"https:\/\/metalcon.pl\/en\/wp-json\/wp\/v2\/comments?post=364"}],"version-history":[{"count":12,"href":"https:\/\/metalcon.pl\/en\/wp-json\/wp\/v2\/pages\/364\/revisions"}],"predecessor-version":[{"id":1198,"href":"https:\/\/metalcon.pl\/en\/wp-json\/wp\/v2\/pages\/364\/revisions\/1198"}],"wp:attachment":[{"href":"https:\/\/metalcon.pl\/en\/wp-json\/wp\/v2\/media?parent=364"}],"curies":[{"name":"wp","href":"https:\/\/api.w.org\/{rel}","templated":true}]}}